{"id":3,"date":"2024-07-30T22:26:23","date_gmt":"2024-07-30T22:26:23","guid":{"rendered":"https:\/\/detlef-heusinger.de\/?page_id=3"},"modified":"2024-10-30T10:00:14","modified_gmt":"2024-10-30T10:00:14","slug":"datenschutzerklaerung","status":"publish","type":"page","link":"https:\/\/detlef-heusinger.de\/en\/datenschutzerklaerung\/","title":{"rendered":"Privacy Policy"},"content":{"rendered":"<div data-elementor-type=\"wp-page\" data-elementor-id=\"3\" class=\"elementor elementor-3\">\n\t\t\t\t<div class=\"elementor-element elementor-element-6a10ce08 e-flex e-con-boxed e-con e-parent\" data-id=\"6a10ce08\" data-element_type=\"container\" data-e-type=\"container\">\n\t\t\t\t\t<div class=\"e-con-inner\">\n\t\t\t\t<div class=\"elementor-element elementor-element-17594e3 elementor-widget elementor-widget-html\" data-id=\"17594e3\" data-element_type=\"widget\" data-e-type=\"widget\" data-widget_type=\"html.default\">\n\t\t\t\t<div class=\"elementor-widget-container\">\n\t\t\t\t\t\n<h2>Allgemeiner Hinweis und Pflichtinformationen<\/h2>\n<h3>Benennung der verantwortlichen Stelle<\/h3>\n<p>Die verantwortliche Stelle f\u00fcr die Datenverarbeitung auf dieser Website ist:<\/p>\n<p><br><span id=\"s3-t-ansprechpartner\">Detlef Heusinger<\/span><br><span id=\"s3-t-strasse\">Sarw\u00fcrckerstra\u00dfe 2<\/span><br><span id=\"s3-t-plz\">79117<\/span> <span id=\"s3-t-ort\">Freiburg<\/span><\/p>\n<p>Die verantwortliche Stelle entscheidet allein oder gemeinsam mit anderen \u00fcber die Zwecke und Mittel der Verarbeitung von personenbezogenen Daten (z.B. Namen, Kontaktdaten o. \u00c4.).<\/p>\n<h3>Widerruf Ihrer Einwilligung zur Datenverarbeitung<\/h3>\n<p>Nur mit Ihrer ausdr\u00fccklichen Einwilligung sind einige Vorg\u00e4nge der Datenverarbeitung m\u00f6glich. Ein Widerruf Ihrer bereits erteilten Einwilligung ist jederzeit m\u00f6glich. F\u00fcr den Widerruf gen\u00fcgt eine formlose Mitteilung per E-Mail. Die Rechtm\u00e4\u00dfigkeit der bis zum Widerruf erfolgten Datenverarbeitung bleibt vom Widerruf unber\u00fchrt.<\/p>\n<h3>Recht auf Beschwerde bei der zust\u00e4ndigen Aufsichtsbeh\u00f6rde<\/h3>\n<p>Als Betroffener steht Ihnen im Falle eines datenschutzrechtlichen Versto\u00dfes ein Beschwerderecht bei der zust\u00e4ndigen Aufsichtsbeh\u00f6rde zu. Zust\u00e4ndige Aufsichtsbeh\u00f6rde bez\u00fcglich datenschutzrechtlicher Fragen ist der Landesdatenschutzbeauftragte des Bundeslandes, in dem sich der Sitz unseres Unternehmens befindet. Der folgende Link stellt eine Liste der Datenschutzbeauftragten sowie deren Kontaktdaten bereit: <a href=\"https:\/\/www.bfdi.bund.de\/DE\/Infothek\/Anschriften_Links\/anschriften_links-node.html\" target=\"_blank\">https:\/\/www.bfdi.bund.de\/DE\/Infothek\/Anschriften_Links\/anschriften_links-node.html<\/a>.<\/p>\n<h3>Recht auf Daten\u00fcbertragbarkeit<\/h3>\n<p>Ihnen steht das Recht zu, Daten, die wir auf Grundlage Ihrer Einwilligung oder in Erf\u00fcllung eines Vertrags automatisiert verarbeiten, an sich oder an Dritte aush\u00e4ndigen zu lassen. Die Bereitstellung erfolgt in einem maschinenlesbaren Format. Sofern Sie die direkte \u00dcbertragung der Daten an einen anderen Verantwortlichen verlangen, erfolgt dies nur, soweit es technisch machbar ist.<\/p>\n<h3>Recht auf Auskunft, Berichtigung, Sperrung, L\u00f6schung<\/h3>\n<p>Sie haben jederzeit im Rahmen der geltenden gesetzlichen Bestimmungen das Recht auf unentgeltliche Auskunft \u00fcber Ihre gespeicherten personenbezogenen Daten, Herkunft der Daten, deren Empf\u00e4nger und den Zweck der Datenverarbeitung und ggf. ein Recht auf Berichtigung, Sperrung oder L\u00f6schung dieser Daten. Diesbez\u00fcglich und auch zu weiteren Fragen zum Thema personenbezogene Daten k\u00f6nnen Sie sich jederzeit \u00fcber die im Impressum aufgef\u00fchrten Kontaktm\u00f6glichkeiten an uns wenden.<\/p>\n<h3>SSL- bzw. TLS-Verschl\u00fcsselung<\/h3>\n<p>Aus Sicherheitsgr\u00fcnden und zum Schutz der \u00dcbertragung vertraulicher Inhalte, die Sie an uns als Seitenbetreiber senden, nutzt unsere Website eine SSL-bzw. TLS-Verschl\u00fcsselung. Damit sind Daten, die Sie \u00fcber diese Website \u00fcbermitteln, f\u00fcr Dritte nicht mitlesbar. Sie erkennen eine verschl\u00fcsselte Verbindung an der \u201ehttps:\/\/\u201c Adresszeile Ihres Browsers und am Schloss-Symbol in der Browserzeile.<\/p>\n\n<h2>Server-Log-Dateien<\/h2>\n<p>In Server-Log-Dateien erhebt und speichert der Provider der Website automatisch Informationen, die Ihr Browser automatisch an uns \u00fcbermittelt. Dies sind:<\/p>\n<ul>\n<li>\n<p>Besuchte Seite auf unserer Domain<\/p>\n<\/li>\n<li>\n<p>Datum und Uhrzeit der Serveranfrage<\/p>\n<\/li>\n<li>\n<p>Browsertyp und Browserversion<\/p>\n<\/li>\n<li>\n<p>Verwendetes Betriebssystem<\/p>\n<\/li>\n<li>\n<p>Referrer URL<\/p>\n<\/li>\n<li>\n<p>Hostname des zugreifenden Rechners<\/p>\n<\/li>\n<li>\n<p>IP-Adresse<\/p>\n<\/li>\n<\/ul>\n<p>Diese Daten sind f\u00fcr uns technisch erforderlich, um Ihnen unsere Website anzuzeigen und die Stabilit\u00e4t und Sicherheit zu gew\u00e4hrleisten. (Rechtsgrundlage der Datenverarbeitung bildet Art. 6 Abs. 1 lit. f DSGVO) Es findet keine Zusammenf\u00fchrung dieser Daten mit anderen Datenquellen statt.<\/p>\n\n<h2>Kontaktformular<\/h2>\n<p>Per Kontaktformular \u00fcbermittelte Daten werden einschlie\u00dflich Ihrer Kontaktdaten gespeichert, um Ihre Anfrage bearbeiten zu k\u00f6nnen oder um f\u00fcr Anschlussfragen bereitzustehen. Eine Weitergabe dieser Daten findet ohne Ihre Einwilligung nicht statt.<\/p>\n<p>Je nach Art der Anfrage ist die Rechtsgrundlage f\u00fcr diese Verarbeitung Art. 6 Abs. 1 lit. b DSGVO f\u00fcr Anfragen, die Sie selbst im Rahmen einer vorvertraglichen Ma\u00dfnahme stellen oder Art. 6 Abs. 1 S. 1 lit. f DSGVO, wenn Ihre Anfrage sonstiger Art ist. Sollten personenbezogene Daten abgefragt werden, die wir nicht f\u00fcr die Erf\u00fcllung eines Vertrages oder zur Wahrung berechtigter Interessen ben\u00f6tigen, erfolgt die \u00dcbermittlung an uns auf Basis einer von Ihnen abgegebenen Einwilligung nach Art. 6 Abs. 1 lit. a DSGVO.t vom Widerruf unber\u00fchrt.<\/p>\n<p>\u00dcber das Kontaktformular \u00fcbermittelte Daten verbleiben bei uns, bis Sie uns zur L\u00f6schung auffordern, Ihre Einwilligung zur Speicherung widerrufen oder keine Notwendigkeit der Datenspeicherung mehr besteht. Zwingende gesetzliche Bestimmungen - insbesondere Aufbewahrungsfristen - bleiben unber\u00fchrt.<\/p>\n\n<h2>Cookies<\/h2>\n<p>Unsere Website verwendet Cookies. Das sind kleine Textdateien, die Ihr Webbrowser auf Ihrem Endger\u00e4t speichert. Cookies helfen uns dabei, unser Angebot nutzerfreundlicher, effektiver und sicherer zu machen.<\/p>\n<p>Einige Cookies sind \u201cSession-Cookies.\u201d Solche Cookies werden nach Ende Ihrer Browser-Sitzung von selbst gel\u00f6scht. Hingegen bleiben andere Cookies auf Ihrem Endger\u00e4t bestehen, bis Sie diese selbst l\u00f6schen. Solche Cookies helfen uns, Sie bei R\u00fcckkehr auf unserer Website wiederzuerkennen.<\/p>\n<p>Mit einem modernen Webbrowser k\u00f6nnen Sie das Setzen von Cookies \u00fcberwachen, einschr\u00e4nken oder unterbinden. Viele Webbrowser lassen sich so konfigurieren, dass Cookies mit dem Schlie\u00dfen des Programms von selbst gel\u00f6scht werden. Die Deaktivierung von Cookies kann eine eingeschr\u00e4nkte Funktionalit\u00e4t unserer Website zur Folge haben.<\/p>\n<p>Das Setzen von Cookies, die zur Aus\u00fcbung elektronischer Kommunikationsvorg\u00e4nge oder der Bereitstellung bestimmter, von Ihnen erw\u00fcnschter Funktionen (z.B. Warenkorb) notwendig sind, erfolgt auf Grundlage von Art. 6 Abs. 1 lit. f DSGVO. Als Betreiber dieser Website haben wir ein berechtigtes Interesse an der Speicherung von Cookies zur technisch fehlerfreien und reibungslosen Bereitstellung unserer Dienste. Sofern die Setzung anderer Cookies (z.B. f\u00fcr Analyse-Funktionen) erfolgt, werden diese in dieser Datenschutzerkl\u00e4rung separat behandelt.<\/p>\n\n<h2>YouTube Videos<\/h2>\n<h3>Art und Umfang der Verarbeitung<\/h3>\n<p>Wir haben auf unserer Website YouTube Video integriert. YouTube Video ist eine Komponente der Videoplattform der YouTube, LLC, auf der Nutzer Inhalte hochladen, \u00fcber das Internet teilen und detaillierte Statistiken erhalten k\u00f6nnen. YouTube Video erm\u00f6glicht es uns, Inhalte der Plattform in unsere Website zu integrieren.<\/p>\n<p>YouTube Video nutzt Cookies und weitere Browser-Technologien um Nutzerverhalten auszuwerten, Nutzer wiederzuerkennen und Nutzerprofile zu erstellen. Diese Informationen werden unter anderem genutzt, um die Aktivit\u00e4t der angeh\u00f6rten Inhalte zu analysieren und Berichte zu erstellen. Wenn ein Nutzer bei YouTube, LLC registriert ist, kann YouTube Video die abgespielten Videos dem Profil zuordnen.<\/p>\n<p>Wenn Sie auf diese Inhalte zugreifen, stellen Sie eine Verbindung zu Servern der YouTube, LLC, Google Ireland Limited, Gordon House, Barrow Street Dublin 4 Irland her, wobei Ihre IP-Adresse und ggf. Browserdaten wie Ihr User-Agent \u00fcbermittelt werden.<\/p>\n<h3>Zweck und Rechtsgrundlage<\/h3>\n<p>Die Nutzung des Dienstes erfolgt auf Grundlage Ihrer Einwilligung gem\u00e4\u00df Art. 6 Abs. 1 lit. a. DSGVO und \u00a725 Abs. 1 TDDDG. Wir beabsichtigen personenbezogenen Daten an Drittl\u00e4nder au\u00dferhalb des Europ\u00e4ischen Wirtschaftsraums, insbesondere die USA, zu \u00fcbermitteln. Die Daten\u00fcbermittlung in die USA erfolgt nach Art. 45 Abs. 1 DSGVO auf Grundlage des Angemessenheitsbeschluss der Europ\u00e4ischen Kommission. Die beteiligten US-Unternehmen und\/oder deren US-Unterauftragnehmer sind nach dem EU-U.S. Data Privacy Framework (EU-U.S. DPF) zertifiziert.<\/p>\n<h3>Speicherdauer<\/h3>\n<p>Die konkrete Speicherdauer der verarbeiteten Daten ist nicht durch uns beeinflussbar, sondern wird von YouTube, LLC bestimmt. Weitere Hinweise finden Sie in der Datenschutzerkl\u00e4rung f\u00fcr YouTube Video: <a href=\"https:\/\/policies.google.com\/privacy\">https:\/\/policies.google.com\/privacy<\/a>.<\/p>\n\n<h2>Google Maps<\/h2>\n<h3>Art und Umfang der Verarbeitung<\/h3>\n<p>Wir verwenden zur Erstellung von Anfahrtsbeschreibungen den Kartendienst Google Maps. Google Maps ist ein Dienst der Google Ireland Limited, welcher auf unserer Website eine Karte darstellt. Wenn Sie auf diese Inhalte unserer Website zugreifen, stellen Sie eine Verbindung zu Servern der Google Ireland Limited, Gordon House, Barrow Street, Dublin 4, Irland her, wobei Ihre IP-Adresse und ggf. Browserdaten wie Ihr User-Agent \u00fcbermittelt werden. Diese Daten werden ausschlie\u00dflich zu den oben genannten Zwecken und zur Aufrechterhaltung der Sicherheit und Funktionalit\u00e4t von Google Maps verarbeitet.<\/p>\n<h3>Zweck und Rechtsgrundlage<\/h3>\n<p>Der Einsatz von Google Maps erfolgt auf Grundlage Ihrer Einwilligung gem\u00e4\u00df Art. 6 Abs. 1 lit. a. DSGVO und \u00a725 Abs. 1 TDDDG. Wir beabsichtigen personenbezogenen Daten an Drittl\u00e4nder au\u00dferhalb des Europ\u00e4ischen Wirtschaftsraums, insbesondere die USA, zu \u00fcbermitteln. Die Daten\u00fcbermittlung in die USA erfolgt nach Art. 45 Abs. 1 DSGVO auf Grundlage des Angemessenheitsbeschluss der Europ\u00e4ischen Kommission. Die beteiligten US-Unternehmen und\/oder deren US-Unterauftragnehmer sind nach dem EU-U.S. Data Privacy Framework (EU-U.S. DPF) zertifiziert.<\/p>\n<h3>Speicherdauer<\/h3>\n<p>Die konkrete Speicherdauer der verarbeiteten Daten ist nicht durch uns beeinflussbar, sondern wird von Google Ireland Limited bestimmt. Weitere Hinweise finden Sie in der Datenschutzerkl\u00e4rung f\u00fcr Google Maps: <a href=\"https:\/\/policies.google.com\/privacy\">https:\/\/policies.google.com\/privacy<\/a>.<\/p>\t\t\t\t<\/div>\n\t\t\t\t<\/div>\n\t\t\t\t\t<\/div>\n\t\t\t\t<\/div>\n\t\t\t\t<\/div>","protected":false},"excerpt":{"rendered":"<p>Allgemeiner Hinweis und Pflichtinformationen Benennung der verantwortlichen Stelle Die verantwortliche Stelle f\u00fcr die Datenverarbeitung auf dieser Website ist: Detlef HeusingerSarw\u00fcrckerstra\u00dfe 279117 Freiburg Die verantwortliche Stelle entscheidet allein oder gemeinsam mit anderen \u00fcber die Zwecke und Mittel der Verarbeitung von personenbezogenen Daten (z.B. Namen, Kontaktdaten o. \u00c4.). Widerruf Ihrer Einwilligung zur Datenverarbeitung Nur mit Ihrer ausdr\u00fccklichen [&hellip;]<\/p>\n","protected":false},"author":1,"featured_media":0,"parent":0,"menu_order":0,"comment_status":"closed","ping_status":"closed","template":"","meta":{"site-sidebar-layout":"default","site-content-layout":"","ast-site-content-layout":"default","site-content-style":"default","site-sidebar-style":"default","ast-global-header-display":"","ast-banner-title-visibility":"","ast-main-header-display":"","ast-hfb-above-header-display":"","ast-hfb-below-header-display":"","ast-hfb-mobile-header-display":"","site-post-title":"","ast-breadcrumbs-content":"","ast-featured-img":"","footer-sml-layout":"","ast-disable-related-posts":"","theme-transparent-header-meta":"","adv-header-id-meta":"","stick-header-meta":"","header-above-stick-meta":"","header-main-stick-meta":"","header-below-stick-meta":"","astra-migrate-meta-layouts":"set","ast-page-background-enabled":"default","ast-page-background-meta":{"desktop":{"background-color":"","background-image":"","background-repeat":"repeat","background-position":"center center","background-size":"auto","background-attachment":"scroll","background-type":"","background-media":"","overlay-type":"","overlay-color":"","overlay-opacity":"","overlay-gradient":""},"tablet":{"background-color":"","background-image":"","background-repeat":"repeat","background-position":"center center","background-size":"auto","background-attachment":"scroll","background-type":"","background-media":"","overlay-type":"","overlay-color":"","overlay-opacity":"","overlay-gradient":""},"mobile":{"background-color":"","background-image":"","background-repeat":"repeat","background-position":"center center","background-size":"auto","background-attachment":"scroll","background-type":"","background-media":"","overlay-type":"","overlay-color":"","overlay-opacity":"","overlay-gradient":""}},"ast-content-background-meta":{"desktop":{"background-color":"var(--ast-global-color-5)","background-image":"","background-repeat":"repeat","background-position":"center center","background-size":"auto","background-attachment":"scroll","background-type":"","background-media":"","overlay-type":"","overlay-color":"","overlay-opacity":"","overlay-gradient":""},"tablet":{"background-color":"var(--ast-global-color-5)","background-image":"","background-repeat":"repeat","background-position":"center center","background-size":"auto","background-attachment":"scroll","background-type":"","background-media":"","overlay-type":"","overlay-color":"","overlay-opacity":"","overlay-gradient":""},"mobile":{"background-color":"var(--ast-global-color-5)","background-image":"","background-repeat":"repeat","background-position":"center center","background-size":"auto","background-attachment":"scroll","background-type":"","background-media":"","overlay-type":"","overlay-color":"","overlay-opacity":"","overlay-gradient":""}},"footnotes":""},"class_list":["post-3","page","type-page","status-publish","hentry"],"yoast_head":"<!-- This site is optimized with the Yoast SEO plugin v27.4 - https:\/\/yoast.com\/product\/yoast-seo-wordpress\/ -->\n<title>Datenschutzerkl\u00e4rung - Detlef Heusinger<\/title>\n<meta name=\"robots\" content=\"index, follow, max-snippet:-1, max-image-preview:large, max-video-preview:-1\" \/>\n<link rel=\"canonical\" href=\"https:\/\/detlef-heusinger.de\/en\/datenschutzerklaerung\/\" \/>\n<meta property=\"og:locale\" content=\"en_US\" \/>\n<meta property=\"og:type\" content=\"article\" \/>\n<meta property=\"og:title\" content=\"Datenschutzerkl\u00e4rung - Detlef Heusinger\" \/>\n<meta property=\"og:description\" content=\"Allgemeiner Hinweis und Pflichtinformationen Benennung der verantwortlichen Stelle Die verantwortliche Stelle f\u00fcr die Datenverarbeitung auf dieser Website ist: Detlef HeusingerSarw\u00fcrckerstra\u00dfe 279117 Freiburg Die verantwortliche Stelle entscheidet allein oder gemeinsam mit anderen \u00fcber die Zwecke und Mittel der Verarbeitung von personenbezogenen Daten (z.B. Namen, Kontaktdaten o. \u00c4.). Widerruf Ihrer Einwilligung zur Datenverarbeitung Nur mit Ihrer ausdr\u00fccklichen [&hellip;]\" \/>\n<meta property=\"og:url\" content=\"https:\/\/detlef-heusinger.de\/en\/datenschutzerklaerung\/\" \/>\n<meta property=\"og:site_name\" content=\"Detlef Heusinger\" \/>\n<meta property=\"article:modified_time\" content=\"2024-10-30T10:00:14+00:00\" \/>\n<meta name=\"twitter:card\" content=\"summary_large_image\" \/>\n<meta name=\"twitter:label1\" content=\"Est. reading time\" \/>\n\t<meta name=\"twitter:data1\" content=\"7 minutes\" \/>\n<script type=\"application\/ld+json\" class=\"yoast-schema-graph\">{\"@context\":\"https:\\\/\\\/schema.org\",\"@graph\":[{\"@type\":\"WebPage\",\"@id\":\"https:\\\/\\\/detlef-heusinger.de\\\/datenschutzerklaerung\\\/\",\"url\":\"https:\\\/\\\/detlef-heusinger.de\\\/datenschutzerklaerung\\\/\",\"name\":\"Datenschutzerkl\u00e4rung - Detlef Heusinger\",\"isPartOf\":{\"@id\":\"https:\\\/\\\/detlef-heusinger.de\\\/#website\"},\"datePublished\":\"2024-07-30T22:26:23+00:00\",\"dateModified\":\"2024-10-30T10:00:14+00:00\",\"breadcrumb\":{\"@id\":\"https:\\\/\\\/detlef-heusinger.de\\\/datenschutzerklaerung\\\/#breadcrumb\"},\"inLanguage\":\"en-US\",\"potentialAction\":[{\"@type\":\"ReadAction\",\"target\":[\"https:\\\/\\\/detlef-heusinger.de\\\/datenschutzerklaerung\\\/\"]}]},{\"@type\":\"BreadcrumbList\",\"@id\":\"https:\\\/\\\/detlef-heusinger.de\\\/datenschutzerklaerung\\\/#breadcrumb\",\"itemListElement\":[{\"@type\":\"ListItem\",\"position\":1,\"name\":\"Startseite\",\"item\":\"https:\\\/\\\/detlef-heusinger.de\\\/\"},{\"@type\":\"ListItem\",\"position\":2,\"name\":\"Datenschutzerkl\u00e4rung\"}]},{\"@type\":\"WebSite\",\"@id\":\"https:\\\/\\\/detlef-heusinger.de\\\/#website\",\"url\":\"https:\\\/\\\/detlef-heusinger.de\\\/\",\"name\":\"Detlef Heusinger\",\"description\":\"\",\"publisher\":{\"@id\":\"https:\\\/\\\/detlef-heusinger.de\\\/#\\\/schema\\\/person\\\/0e82b73cb43c60cce2beeba94385686b\"},\"potentialAction\":[{\"@type\":\"SearchAction\",\"target\":{\"@type\":\"EntryPoint\",\"urlTemplate\":\"https:\\\/\\\/detlef-heusinger.de\\\/?s={search_term_string}\"},\"query-input\":{\"@type\":\"PropertyValueSpecification\",\"valueRequired\":true,\"valueName\":\"search_term_string\"}}],\"inLanguage\":\"en-US\"},{\"@type\":[\"Person\",\"Organization\"],\"@id\":\"https:\\\/\\\/detlef-heusinger.de\\\/#\\\/schema\\\/person\\\/0e82b73cb43c60cce2beeba94385686b\",\"name\":\"Detlef Heusinger\",\"image\":{\"@type\":\"ImageObject\",\"inLanguage\":\"en-US\",\"@id\":\"https:\\\/\\\/detlef-heusinger.de\\\/wp-content\\\/uploads\\\/2024\\\/08\\\/mstile-310x310-1.png\",\"url\":\"https:\\\/\\\/detlef-heusinger.de\\\/wp-content\\\/uploads\\\/2024\\\/08\\\/mstile-310x310-1.png\",\"contentUrl\":\"https:\\\/\\\/detlef-heusinger.de\\\/wp-content\\\/uploads\\\/2024\\\/08\\\/mstile-310x310-1.png\",\"width\":310,\"height\":310,\"caption\":\"Detlef Heusinger\"},\"logo\":{\"@id\":\"https:\\\/\\\/detlef-heusinger.de\\\/wp-content\\\/uploads\\\/2024\\\/08\\\/mstile-310x310-1.png\"},\"sameAs\":[\"https:\\\/\\\/detlef-heusinger.de\"]}]}<\/script>\n<!-- \/ Yoast SEO plugin. -->","yoast_head_json":{"title":"Datenschutzerkl\u00e4rung - Detlef Heusinger","robots":{"index":"index","follow":"follow","max-snippet":"max-snippet:-1","max-image-preview":"max-image-preview:large","max-video-preview":"max-video-preview:-1"},"canonical":"https:\/\/detlef-heusinger.de\/en\/datenschutzerklaerung\/","og_locale":"en_US","og_type":"article","og_title":"Datenschutzerkl\u00e4rung - Detlef Heusinger","og_description":"Allgemeiner Hinweis und Pflichtinformationen Benennung der verantwortlichen Stelle Die verantwortliche Stelle f\u00fcr die Datenverarbeitung auf dieser Website ist: Detlef HeusingerSarw\u00fcrckerstra\u00dfe 279117 Freiburg Die verantwortliche Stelle entscheidet allein oder gemeinsam mit anderen \u00fcber die Zwecke und Mittel der Verarbeitung von personenbezogenen Daten (z.B. Namen, Kontaktdaten o. \u00c4.). Widerruf Ihrer Einwilligung zur Datenverarbeitung Nur mit Ihrer ausdr\u00fccklichen [&hellip;]","og_url":"https:\/\/detlef-heusinger.de\/en\/datenschutzerklaerung\/","og_site_name":"Detlef Heusinger","article_modified_time":"2024-10-30T10:00:14+00:00","twitter_card":"summary_large_image","twitter_misc":{"Est. reading time":"7 minutes"},"schema":{"@context":"https:\/\/schema.org","@graph":[{"@type":"WebPage","@id":"https:\/\/detlef-heusinger.de\/datenschutzerklaerung\/","url":"https:\/\/detlef-heusinger.de\/datenschutzerklaerung\/","name":"Datenschutzerkl\u00e4rung - Detlef Heusinger","isPartOf":{"@id":"https:\/\/detlef-heusinger.de\/#website"},"datePublished":"2024-07-30T22:26:23+00:00","dateModified":"2024-10-30T10:00:14+00:00","breadcrumb":{"@id":"https:\/\/detlef-heusinger.de\/datenschutzerklaerung\/#breadcrumb"},"inLanguage":"en-US","potentialAction":[{"@type":"ReadAction","target":["https:\/\/detlef-heusinger.de\/datenschutzerklaerung\/"]}]},{"@type":"BreadcrumbList","@id":"https:\/\/detlef-heusinger.de\/datenschutzerklaerung\/#breadcrumb","itemListElement":[{"@type":"ListItem","position":1,"name":"Startseite","item":"https:\/\/detlef-heusinger.de\/"},{"@type":"ListItem","position":2,"name":"Datenschutzerkl\u00e4rung"}]},{"@type":"WebSite","@id":"https:\/\/detlef-heusinger.de\/#website","url":"https:\/\/detlef-heusinger.de\/","name":"Detlef Heusinger","description":"","publisher":{"@id":"https:\/\/detlef-heusinger.de\/#\/schema\/person\/0e82b73cb43c60cce2beeba94385686b"},"potentialAction":[{"@type":"SearchAction","target":{"@type":"EntryPoint","urlTemplate":"https:\/\/detlef-heusinger.de\/?s={search_term_string}"},"query-input":{"@type":"PropertyValueSpecification","valueRequired":true,"valueName":"search_term_string"}}],"inLanguage":"en-US"},{"@type":["Person","Organization"],"@id":"https:\/\/detlef-heusinger.de\/#\/schema\/person\/0e82b73cb43c60cce2beeba94385686b","name":"Detlef Heusinger","image":{"@type":"ImageObject","inLanguage":"en-US","@id":"https:\/\/detlef-heusinger.de\/wp-content\/uploads\/2024\/08\/mstile-310x310-1.png","url":"https:\/\/detlef-heusinger.de\/wp-content\/uploads\/2024\/08\/mstile-310x310-1.png","contentUrl":"https:\/\/detlef-heusinger.de\/wp-content\/uploads\/2024\/08\/mstile-310x310-1.png","width":310,"height":310,"caption":"Detlef Heusinger"},"logo":{"@id":"https:\/\/detlef-heusinger.de\/wp-content\/uploads\/2024\/08\/mstile-310x310-1.png"},"sameAs":["https:\/\/detlef-heusinger.de"]}]}},"_links":{"self":[{"href":"https:\/\/detlef-heusinger.de\/en\/wp-json\/wp\/v2\/pages\/3","targetHints":{"allow":["GET"]}}],"collection":[{"href":"https:\/\/detlef-heusinger.de\/en\/wp-json\/wp\/v2\/pages"}],"about":[{"href":"https:\/\/detlef-heusinger.de\/en\/wp-json\/wp\/v2\/types\/page"}],"author":[{"embeddable":true,"href":"https:\/\/detlef-heusinger.de\/en\/wp-json\/wp\/v2\/users\/1"}],"replies":[{"embeddable":true,"href":"https:\/\/detlef-heusinger.de\/en\/wp-json\/wp\/v2\/comments?post=3"}],"version-history":[{"count":8,"href":"https:\/\/detlef-heusinger.de\/en\/wp-json\/wp\/v2\/pages\/3\/revisions"}],"predecessor-version":[{"id":1763,"href":"https:\/\/detlef-heusinger.de\/en\/wp-json\/wp\/v2\/pages\/3\/revisions\/1763"}],"wp:attachment":[{"href":"https:\/\/detlef-heusinger.de\/en\/wp-json\/wp\/v2\/media?parent=3"}],"curies":[{"name":"wp","href":"https:\/\/api.w.org\/{rel}","templated":true}]}}